{"id":105,"date":"2017-12-20T13:14:45","date_gmt":"2017-12-20T13:14:45","guid":{"rendered":"http:\/\/www.dvere-bonsap.cz\/?page_id=105"},"modified":"2017-12-21T14:17:19","modified_gmt":"2017-12-21T14:17:19","slug":"drevene-vyrobky","status":"publish","type":"page","link":"https:\/\/www.dvere-bonsap.cz\/index.php\/drevene-vyrobky\/","title":{"rendered":"D\u0159ev\u011bn\u00e9 v\u00fdrobky"},"content":{"rendered":"<p><img loading=\"lazy\" decoding=\"async\" class=\"size-medium wp-image-299 alignleft\" src=\"http:\/\/www.dvere-bonsap.cz\/wp-content\/uploads\/2017\/12\/pk60-drevoteka-profesional-40x18x275-cm-web_-1_-1_300360-300x263.jpg\" alt=\"\" width=\"300\" height=\"263\" srcset=\"https:\/\/www.dvere-bonsap.cz\/wp-content\/uploads\/2017\/12\/pk60-drevoteka-profesional-40x18x275-cm-web_-1_-1_300360-300x263.jpg 300w, https:\/\/www.dvere-bonsap.cz\/wp-content\/uploads\/2017\/12\/pk60-drevoteka-profesional-40x18x275-cm-web_-1_-1_300360-768x672.jpg 768w, https:\/\/www.dvere-bonsap.cz\/wp-content\/uploads\/2017\/12\/pk60-drevoteka-profesional-40x18x275-cm-web_-1_-1_300360.jpg 800w\" sizes=\"auto, (max-width: 300px) 100vw, 300px\" \/><img loading=\"lazy\" decoding=\"async\" class=\"size-medium wp-image-297 alignleft\" src=\"http:\/\/www.dvere-bonsap.cz\/wp-content\/uploads\/2017\/12\/9531-300x216.jpg\" alt=\"\" width=\"300\" height=\"216\" srcset=\"https:\/\/www.dvere-bonsap.cz\/wp-content\/uploads\/2017\/12\/9531-300x216.jpg 300w, https:\/\/www.dvere-bonsap.cz\/wp-content\/uploads\/2017\/12\/9531.jpg 500w\" sizes=\"auto, (max-width: 300px) 100vw, 300px\" \/><img loading=\"lazy\" decoding=\"async\" class=\" wp-image-298 alignleft\" src=\"http:\/\/www.dvere-bonsap.cz\/wp-content\/uploads\/2017\/12\/index.jpg\" alt=\"\" width=\"365\" height=\"262\" \/><\/p>\n","protected":false},"excerpt":{"rendered":"","protected":false},"author":1,"featured_media":0,"parent":0,"menu_order":0,"comment_status":"closed","ping_status":"closed","template":"","meta":{"footnotes":""},"class_list":["post-105","page","type-page","status-publish","hentry"],"_links":{"self":[{"href":"https:\/\/www.dvere-bonsap.cz\/index.php\/wp-json\/wp\/v2\/pages\/105","targetHints":{"allow":["GET"]}}],"collection":[{"href":"https:\/\/www.dvere-bonsap.cz\/index.php\/wp-json\/wp\/v2\/pages"}],"about":[{"href":"https:\/\/www.dvere-bonsap.cz\/index.php\/wp-json\/wp\/v2\/types\/page"}],"author":[{"embeddable":true,"href":"https:\/\/www.dvere-bonsap.cz\/index.php\/wp-json\/wp\/v2\/users\/1"}],"replies":[{"embeddable":true,"href":"https:\/\/www.dvere-bonsap.cz\/index.php\/wp-json\/wp\/v2\/comments?post=105"}],"version-history":[{"count":4,"href":"https:\/\/www.dvere-bonsap.cz\/index.php\/wp-json\/wp\/v2\/pages\/105\/revisions"}],"predecessor-version":[{"id":302,"href":"https:\/\/www.dvere-bonsap.cz\/index.php\/wp-json\/wp\/v2\/pages\/105\/revisions\/302"}],"wp:attachment":[{"href":"https:\/\/www.dvere-bonsap.cz\/index.php\/wp-json\/wp\/v2\/media?parent=105"}],"curies":[{"name":"wp","href":"https:\/\/api.w.org\/{rel}","templated":true}]}}