{"id":2,"date":"2017-12-20T13:12:27","date_gmt":"2017-12-20T13:12:27","guid":{"rendered":"http:\/\/localhost\/wp\/wp481\/?page_id=2"},"modified":"2017-12-20T15:42:50","modified_gmt":"2017-12-20T15:42:50","slug":"sample-page","status":"publish","type":"page","link":"https:\/\/www.dvere-bonsap.cz\/index.php\/sample-page\/","title":{"rendered":"Slu\u017eby"},"content":{"rendered":"<p>Na\u0161e firma byla zalo\u017eena u\u017e v roce 1987. St\u00e1la u zrodu zalo\u017een\u00ed mont\u00e1\u017e\u00ed dve\u0159\u00ed a z\u00e1rubn\u00ed Sapeli. B\u011bhem doby pro\u0161la celou \u0159adou \u0161kolen\u00ed. Z\u00edskala n\u011bkolik certifik\u00e1t\u016f. Vyr\u00e1b\u00ed nejen dve\u0159e a z\u00e1rubn\u011b, ale i dal\u0161\u00ed bytov\u00e9 a d\u0159ev\u011bn\u00e9 dopl\u0148ky v mnoha odst\u00ednech. Dod\u00e1v\u00e1 i kliky a kov\u00e1n\u00ed, sklen\u011bn\u00e9 v\u00fdpln\u011b a m\u0159\u00ed\u017eky.<\/p>\n<p>Prov\u00e1d\u00edme i poz\u00e1ru\u010dn\u00ed servis a v\u00fdm\u011bnu v\u00fdpln\u00ed a r\u00e1me\u010dk\u016f nebo vylomen\u00fdch oblo\u017eek. Dle Va\u0161eho p\u0159\u00e1n\u00ed a rozpo\u010dtu V\u00e1m zdarmap\u0159iprav\u00edme cenovou nab\u00eddku. Zak\u00e1zku pak realizujeme b\u011bhem 3-4 t\u00fddn\u016f.<\/p>\n<p>Vyberte si sv\u00e9 dve\u0159e z na\u0161\u00ed \u0161irok\u00e9 nab\u00eddky typ\u016f, rozm\u011br\u016f a barev.<\/p>\n","protected":false},"excerpt":{"rendered":"<p>Na\u0161e firma byla zalo\u017eena u\u017e v roce 1987. St\u00e1la u zrodu zalo\u017een\u00ed mont\u00e1\u017e\u00ed dve\u0159\u00ed a z\u00e1rubn\u00ed Sapeli. B\u011bhem doby pro\u0161la celou \u0159adou \u0161kolen\u00ed. Z\u00edskala n\u011bkolik certifik\u00e1t\u016f. Vyr\u00e1b\u00ed nejen dve\u0159e a z\u00e1rubn\u011b, ale i dal\u0161\u00ed bytov\u00e9 a d\u0159ev\u011bn\u00e9 dopl\u0148ky v mnoha odst\u00ednech. Dod\u00e1v\u00e1 i kliky a kov\u00e1n\u00ed, sklen\u011bn\u00e9 v\u00fdpln\u011b a m\u0159\u00ed\u017eky. Prov\u00e1d\u00edme i poz\u00e1ru\u010dn\u00ed servis a [&hellip;]<\/p>\n","protected":false},"author":1,"featured_media":0,"parent":0,"menu_order":0,"comment_status":"closed","ping_status":"open","template":"","meta":{"footnotes":""},"class_list":["post-2","page","type-page","status-publish","hentry"],"_links":{"self":[{"href":"https:\/\/www.dvere-bonsap.cz\/index.php\/wp-json\/wp\/v2\/pages\/2","targetHints":{"allow":["GET"]}}],"collection":[{"href":"https:\/\/www.dvere-bonsap.cz\/index.php\/wp-json\/wp\/v2\/pages"}],"about":[{"href":"https:\/\/www.dvere-bonsap.cz\/index.php\/wp-json\/wp\/v2\/types\/page"}],"author":[{"embeddable":true,"href":"https:\/\/www.dvere-bonsap.cz\/index.php\/wp-json\/wp\/v2\/users\/1"}],"replies":[{"embeddable":true,"href":"https:\/\/www.dvere-bonsap.cz\/index.php\/wp-json\/wp\/v2\/comments?post=2"}],"version-history":[{"count":2,"href":"https:\/\/www.dvere-bonsap.cz\/index.php\/wp-json\/wp\/v2\/pages\/2\/revisions"}],"predecessor-version":[{"id":179,"href":"https:\/\/www.dvere-bonsap.cz\/index.php\/wp-json\/wp\/v2\/pages\/2\/revisions\/179"}],"wp:attachment":[{"href":"https:\/\/www.dvere-bonsap.cz\/index.php\/wp-json\/wp\/v2\/media?parent=2"}],"curies":[{"name":"wp","href":"https:\/\/api.w.org\/{rel}","templated":true}]}}