{"id":95,"date":"2017-12-20T13:13:20","date_gmt":"2017-12-20T13:13:20","guid":{"rendered":"http:\/\/www.dvere-bonsap.cz\/?page_id=95"},"modified":"2017-12-21T13:42:20","modified_gmt":"2017-12-21T13:42:20","slug":"protipozarni-dvere","status":"publish","type":"page","link":"https:\/\/www.dvere-bonsap.cz\/index.php\/protipozarni-dvere\/","title":{"rendered":"Protipo\u017e\u00e1rn\u00ed dve\u0159e"},"content":{"rendered":"<p><img loading=\"lazy\" decoding=\"async\" class=\"size-medium wp-image-243 alignleft\" src=\"http:\/\/www.dvere-bonsap.cz\/wp-content\/uploads\/2017\/12\/180008-sherlock-dp-8-k330-3-jv-l-bezpecnostni-dvere-1-296x300.jpg\" alt=\"\" width=\"296\" height=\"300\" srcset=\"https:\/\/www.dvere-bonsap.cz\/wp-content\/uploads\/2017\/12\/180008-sherlock-dp-8-k330-3-jv-l-bezpecnostni-dvere-1-296x300.jpg 296w, https:\/\/www.dvere-bonsap.cz\/wp-content\/uploads\/2017\/12\/180008-sherlock-dp-8-k330-3-jv-l-bezpecnostni-dvere-1-768x779.jpg 768w, https:\/\/www.dvere-bonsap.cz\/wp-content\/uploads\/2017\/12\/180008-sherlock-dp-8-k330-3-jv-l-bezpecnostni-dvere-1.jpg 800w\" sizes=\"auto, (max-width: 296px) 100vw, 296px\" \/> <img loading=\"lazy\" decoding=\"async\" class=\"size-medium wp-image-245 alignleft\" src=\"http:\/\/www.dvere-bonsap.cz\/wp-content\/uploads\/2017\/12\/rez_bezpecnostnych_dveri_securido-229x300.png\" alt=\"\" width=\"229\" height=\"300\" srcset=\"https:\/\/www.dvere-bonsap.cz\/wp-content\/uploads\/2017\/12\/rez_bezpecnostnych_dveri_securido-229x300.png 229w, https:\/\/www.dvere-bonsap.cz\/wp-content\/uploads\/2017\/12\/rez_bezpecnostnych_dveri_securido.png 600w\" sizes=\"auto, (max-width: 229px) 100vw, 229px\" \/><img loading=\"lazy\" decoding=\"async\" class=\" wp-image-239 alignleft\" src=\"http:\/\/www.dvere-bonsap.cz\/wp-content\/uploads\/2017\/12\/ADSeciurity-O1.jpg\" alt=\"\" width=\"281\" height=\"305\" \/><\/p>\n","protected":false},"excerpt":{"rendered":"","protected":false},"author":1,"featured_media":0,"parent":0,"menu_order":0,"comment_status":"closed","ping_status":"closed","template":"","meta":{"footnotes":""},"class_list":["post-95","page","type-page","status-publish","hentry"],"_links":{"self":[{"href":"https:\/\/www.dvere-bonsap.cz\/index.php\/wp-json\/wp\/v2\/pages\/95","targetHints":{"allow":["GET"]}}],"collection":[{"href":"https:\/\/www.dvere-bonsap.cz\/index.php\/wp-json\/wp\/v2\/pages"}],"about":[{"href":"https:\/\/www.dvere-bonsap.cz\/index.php\/wp-json\/wp\/v2\/types\/page"}],"author":[{"embeddable":true,"href":"https:\/\/www.dvere-bonsap.cz\/index.php\/wp-json\/wp\/v2\/users\/1"}],"replies":[{"embeddable":true,"href":"https:\/\/www.dvere-bonsap.cz\/index.php\/wp-json\/wp\/v2\/comments?post=95"}],"version-history":[{"count":5,"href":"https:\/\/www.dvere-bonsap.cz\/index.php\/wp-json\/wp\/v2\/pages\/95\/revisions"}],"predecessor-version":[{"id":251,"href":"https:\/\/www.dvere-bonsap.cz\/index.php\/wp-json\/wp\/v2\/pages\/95\/revisions\/251"}],"wp:attachment":[{"href":"https:\/\/www.dvere-bonsap.cz\/index.php\/wp-json\/wp\/v2\/media?parent=95"}],"curies":[{"name":"wp","href":"https:\/\/api.w.org\/{rel}","templated":true}]}}